{"id":20,"date":"2020-01-31T13:54:37","date_gmt":"2020-01-31T13:54:37","guid":{"rendered":"http:\/\/localhost\/erick-pereira\/?page_id=20"},"modified":"2020-04-06T12:52:48","modified_gmt":"2020-04-06T12:52:48","slug":"midia","status":"publish","type":"page","link":"https:\/\/erickpereira.com\/index.php\/midia\/","title":{"rendered":"M\u00eddia"},"content":{"rendered":"\n<p style=\"color:#a3a4a7;font-size:22px\" class=\"has-text-color has-text-align-center\">Erick Pereira Advogados na m\u00eddia.<\/p>\n","protected":false},"excerpt":{"rendered":"<p>Erick Pereira Advogados na m\u00eddia.<\/p>\n","protected":false},"author":1,"featured_media":0,"parent":0,"menu_order":0,"comment_status":"closed","ping_status":"closed","template":"","meta":{"_acf_changed":false,"_exactmetrics_skip_tracking":false,"_exactmetrics_sitenote_active":false,"_exactmetrics_sitenote_note":"","_exactmetrics_sitenote_category":0,"footnotes":""},"class_list":["post-20","page","type-page","status-publish","hentry"],"acf":[],"yoast_head":"<!-- This site is optimized with the Yoast SEO plugin v27.4 - https:\/\/yoast.com\/product\/yoast-seo-wordpress\/ -->\n<title>M\u00eddia | Erick Pereira Advogados - Natal, Bras\u00edlia e S\u00e3o Paulo<\/title>\n<meta name=\"description\" content=\"Assista Erick Pereira na m\u00eddia! Mat\u00e9rias, entrevistas, participa\u00e7\u00f5es e mais sobre Direito e temas afins. Erick Pereira Advogados atua desde 1988.\" \/>\n<meta name=\"robots\" content=\"index, follow, max-snippet:-1, max-image-preview:large, max-video-preview:-1\" \/>\n<link rel=\"canonical\" href=\"https:\/\/erickpereira.com\/index.php\/midia\/\" \/>\n<meta property=\"og:locale\" content=\"pt_BR\" \/>\n<meta property=\"og:type\" content=\"article\" \/>\n<meta property=\"og:title\" content=\"M\u00eddia | Erick Pereira Advogados - Natal, Bras\u00edlia e S\u00e3o Paulo\" \/>\n<meta property=\"og:description\" content=\"Assista Erick Pereira na m\u00eddia! Mat\u00e9rias, entrevistas, participa\u00e7\u00f5es e mais sobre Direito e temas afins. Erick Pereira Advogados atua desde 1988.\" \/>\n<meta property=\"og:url\" content=\"https:\/\/erickpereira.com\/index.php\/midia\/\" \/>\n<meta property=\"og:site_name\" content=\"Erick Pereira Advogados\" \/>\n<meta property=\"article:modified_time\" content=\"2020-04-06T12:52:48+00:00\" \/>\n<meta name=\"twitter:card\" content=\"summary_large_image\" \/>\n<script type=\"application\/ld+json\" class=\"yoast-schema-graph\">{\"@context\":\"https:\\\/\\\/schema.org\",\"@graph\":[{\"@type\":\"WebPage\",\"@id\":\"https:\\\/\\\/erickpereira.com\\\/index.php\\\/midia\\\/\",\"url\":\"https:\\\/\\\/erickpereira.com\\\/index.php\\\/midia\\\/\",\"name\":\"M\u00eddia | Erick Pereira Advogados - Natal, Bras\u00edlia e S\u00e3o Paulo\",\"isPartOf\":{\"@id\":\"https:\\\/\\\/erickpereira.com\\\/#website\"},\"datePublished\":\"2020-01-31T13:54:37+00:00\",\"dateModified\":\"2020-04-06T12:52:48+00:00\",\"description\":\"Assista Erick Pereira na m\u00eddia! Mat\u00e9rias, entrevistas, participa\u00e7\u00f5es e mais sobre Direito e temas afins. Erick Pereira Advogados atua desde 1988.\",\"breadcrumb\":{\"@id\":\"https:\\\/\\\/erickpereira.com\\\/index.php\\\/midia\\\/#breadcrumb\"},\"inLanguage\":\"pt-BR\",\"potentialAction\":[{\"@type\":\"ReadAction\",\"target\":[\"https:\\\/\\\/erickpereira.com\\\/index.php\\\/midia\\\/\"]}]},{\"@type\":\"BreadcrumbList\",\"@id\":\"https:\\\/\\\/erickpereira.com\\\/index.php\\\/midia\\\/#breadcrumb\",\"itemListElement\":[{\"@type\":\"ListItem\",\"position\":1,\"name\":\"In\u00edcio\",\"item\":\"https:\\\/\\\/erickpereira.com\\\/\"},{\"@type\":\"ListItem\",\"position\":2,\"name\":\"M\u00eddia\"}]},{\"@type\":\"WebSite\",\"@id\":\"https:\\\/\\\/erickpereira.com\\\/#website\",\"url\":\"https:\\\/\\\/erickpereira.com\\\/\",\"name\":\"Erick Pereira Advogados\",\"description\":\"Escrit\u00f3rio de Advocacia em Natal, Bras\u00edlia e S\u00e3o Paulo com s\u00f3lida reputa\u00e7\u00e3o em Direito Administrativo, Eleitoral, Penal e Trabalhista.\",\"potentialAction\":[{\"@type\":\"SearchAction\",\"target\":{\"@type\":\"EntryPoint\",\"urlTemplate\":\"https:\\\/\\\/erickpereira.com\\\/?s={search_term_string}\"},\"query-input\":{\"@type\":\"PropertyValueSpecification\",\"valueRequired\":true,\"valueName\":\"search_term_string\"}}],\"inLanguage\":\"pt-BR\"}]}<\/script>\n<!-- \/ Yoast SEO plugin. -->","yoast_head_json":{"title":"M\u00eddia | Erick Pereira Advogados - Natal, Bras\u00edlia e S\u00e3o Paulo","description":"Assista Erick Pereira na m\u00eddia! Mat\u00e9rias, entrevistas, participa\u00e7\u00f5es e mais sobre Direito e temas afins. Erick Pereira Advogados atua desde 1988.","robots":{"index":"index","follow":"follow","max-snippet":"max-snippet:-1","max-image-preview":"max-image-preview:large","max-video-preview":"max-video-preview:-1"},"canonical":"https:\/\/erickpereira.com\/index.php\/midia\/","og_locale":"pt_BR","og_type":"article","og_title":"M\u00eddia | Erick Pereira Advogados - Natal, Bras\u00edlia e S\u00e3o Paulo","og_description":"Assista Erick Pereira na m\u00eddia! Mat\u00e9rias, entrevistas, participa\u00e7\u00f5es e mais sobre Direito e temas afins. Erick Pereira Advogados atua desde 1988.","og_url":"https:\/\/erickpereira.com\/index.php\/midia\/","og_site_name":"Erick Pereira Advogados","article_modified_time":"2020-04-06T12:52:48+00:00","twitter_card":"summary_large_image","schema":{"@context":"https:\/\/schema.org","@graph":[{"@type":"WebPage","@id":"https:\/\/erickpereira.com\/index.php\/midia\/","url":"https:\/\/erickpereira.com\/index.php\/midia\/","name":"M\u00eddia | Erick Pereira Advogados - Natal, Bras\u00edlia e S\u00e3o Paulo","isPartOf":{"@id":"https:\/\/erickpereira.com\/#website"},"datePublished":"2020-01-31T13:54:37+00:00","dateModified":"2020-04-06T12:52:48+00:00","description":"Assista Erick Pereira na m\u00eddia! Mat\u00e9rias, entrevistas, participa\u00e7\u00f5es e mais sobre Direito e temas afins. Erick Pereira Advogados atua desde 1988.","breadcrumb":{"@id":"https:\/\/erickpereira.com\/index.php\/midia\/#breadcrumb"},"inLanguage":"pt-BR","potentialAction":[{"@type":"ReadAction","target":["https:\/\/erickpereira.com\/index.php\/midia\/"]}]},{"@type":"BreadcrumbList","@id":"https:\/\/erickpereira.com\/index.php\/midia\/#breadcrumb","itemListElement":[{"@type":"ListItem","position":1,"name":"In\u00edcio","item":"https:\/\/erickpereira.com\/"},{"@type":"ListItem","position":2,"name":"M\u00eddia"}]},{"@type":"WebSite","@id":"https:\/\/erickpereira.com\/#website","url":"https:\/\/erickpereira.com\/","name":"Erick Pereira Advogados","description":"Escrit\u00f3rio de Advocacia em Natal, Bras\u00edlia e S\u00e3o Paulo com s\u00f3lida reputa\u00e7\u00e3o em Direito Administrativo, Eleitoral, Penal e Trabalhista.","potentialAction":[{"@type":"SearchAction","target":{"@type":"EntryPoint","urlTemplate":"https:\/\/erickpereira.com\/?s={search_term_string}"},"query-input":{"@type":"PropertyValueSpecification","valueRequired":true,"valueName":"search_term_string"}}],"inLanguage":"pt-BR"}]}},"_links":{"self":[{"href":"https:\/\/erickpereira.com\/index.php\/wp-json\/wp\/v2\/pages\/20","targetHints":{"allow":["GET"]}}],"collection":[{"href":"https:\/\/erickpereira.com\/index.php\/wp-json\/wp\/v2\/pages"}],"about":[{"href":"https:\/\/erickpereira.com\/index.php\/wp-json\/wp\/v2\/types\/page"}],"author":[{"embeddable":true,"href":"https:\/\/erickpereira.com\/index.php\/wp-json\/wp\/v2\/users\/1"}],"replies":[{"embeddable":true,"href":"https:\/\/erickpereira.com\/index.php\/wp-json\/wp\/v2\/comments?post=20"}],"version-history":[{"count":4,"href":"https:\/\/erickpereira.com\/index.php\/wp-json\/wp\/v2\/pages\/20\/revisions"}],"predecessor-version":[{"id":328,"href":"https:\/\/erickpereira.com\/index.php\/wp-json\/wp\/v2\/pages\/20\/revisions\/328"}],"wp:attachment":[{"href":"https:\/\/erickpereira.com\/index.php\/wp-json\/wp\/v2\/media?parent=20"}],"curies":[{"name":"wp","href":"https:\/\/api.w.org\/{rel}","templated":true}]}}